{"id":46,"date":"2018-05-14T10:16:54","date_gmt":"2018-05-14T10:16:54","guid":{"rendered":"https:\/\/restaurants.isalespoland.com\/index.php\/home\/"},"modified":"2021-04-07T17:57:48","modified_gmt":"2021-04-07T17:57:48","slug":"home","status":"publish","type":"page","link":"https:\/\/restaurants.isalespoland.com\/","title":{"rendered":"Home"},"content":{"rendered":"\n\n\t\t\t<h3>iSales Restaurants<\/h3><h1>Kompleksowa obs\u0142uga klient\u00f3w gastronomicznych<\/h1>\t\t\t\n\t\t\t<a href=\"https:\/\/restaurants.isalespoland.com\/index.php\/contact\/\" target=\"_self\" role=\"button\" rel=\"noopener\">\n\t\t\t\t\t\t\tKontakt z nami\n\t\t<\/a>\n\t\t\t\t<img src=\"https:\/\/restaurants.isalespoland.com\/wp-content\/uploads\/2021\/03\/image-01-free-img.png\" alt=\"image-01-free-img.png\" title=\"image-01-free-img.png\" itemprop=\"image\"\/>\n\t\t<h3>Kompleksowa obsluga gastronomii<\/h3>\n\t\t\t\t<p>iSales Restaurants to projekt powsta\u0142y w celu pomocy restauracjom w wyj\u015bciu z kryzysu zwi\u0105zanego z pandemi\u0105 COVID-19\u00a0 \u00a0 \u00a0w 2020 i 2021 roku. W zwi\u0105zku z poniesionymi stratami wi\u0119kszo\u015b\u0107 restauracji wymaga zwi\u0119kszonej aktywno\u015bci dzia\u0142a\u0144 promocyjnych po ponownym otwarciu. Sezon 2021 b\u0119dzie kluczowy dla bran\u017cy i przetrwania lokali gastronomicznych, dlatego wychodzimy naprzeciw oczekiwaniom i wraz z zespo\u0142em oferujemy szeroki pakiet us\u0142ug dla gastronomii.<\/p>\n<p>W iSales Restaurants wykorzystujemy nasze wsp\u00f3lne do\u015bwiadczenie w wielu bran\u017cach w celu zapewnienia kompleksowej obs\u0142ugi klient\u00f3w gastronomicznych. Opr\u00f3cz do\u015bwiadczenia w pracy w restauracji mamy d\u0142ugoletnie do\u015bwiadczenie sprzeda\u017cowe, kt\u00f3re pomo\u017ce lokalom w pozyskaniu nowych klient\u00f3w. W realizacji projektu bierze r\u00f3wnie\u017c udzia\u0142 do\u015bwiadczony fotograf, kt\u00f3ry zajmie si\u0119 przygotowaniem zdj\u0119\u0107 i materia\u0142\u00f3w promocyjnych.<\/p>\n<p>Oferujemy szeroki pakiet us\u0142ug dla bran\u017cy gastronomicznej, w kt\u00f3rego sk\u0142ad wchodz\u0105 prowadzenie i obs\u0142uga social medi\u00f3w,\u00a0 a tak\u017ce szkolenia dla pracownik\u00f3w kuchni i obs\u0142ugi sali. Restauracja korzystaj\u0105ca z naszej oferty ma gwarancj\u0119 sta\u0142ego, aktywnego promowania swojej dzia\u0142alno\u015bci na wielu p\u0142aszczyznach i kana\u0142ach. Dodatkowo, w zakresie us\u0142ug oferujemy sta\u0142e wsparcie ze strony specjalist\u00f3w w formie konsultacji.<\/p>\n\n","protected":false},"excerpt":{"rendered":"<p>iSales Restaurants Kompleksowa obs\u0142uga klient\u00f3w gastronomicznych Kontakt z nami Kompleksowa obsluga gastronomii iSales Restaurants to projekt powsta\u0142y w celu pomocy restauracjom w wyj\u015bciu z kryzysu zwi\u0105zanego z pandemi\u0105 COVID-19\u00a0 \u00a0 \u00a0w 2020 i 2021 roku. W zwi\u0105zku z poniesionymi stratami wi\u0119kszo\u015b\u0107 restauracji wymaga zwi\u0119kszonej aktywno\u015bci dzia\u0142a\u0144 promocyjnych po ponownym otwarciu. Sezon 2021 b\u0119dzie kluczowy dla &hellip;<\/p>\n<p class=\"read-more\"> <a class=\"\" href=\"https:\/\/restaurants.isalespoland.com\/\"> <span class=\"screen-reader-text\">Home<\/span> Read More &raquo;<\/a><\/p>\n","protected":false},"author":1,"featured_media":0,"parent":0,"menu_order":0,"comment_status":"closed","ping_status":"closed","template":"","meta":[],"_links":{"self":[{"href":"https:\/\/restaurants.isalespoland.com\/index.php\/wp-json\/wp\/v2\/pages\/46"}],"collection":[{"href":"https:\/\/restaurants.isalespoland.com\/index.php\/wp-json\/wp\/v2\/pages"}],"about":[{"href":"https:\/\/restaurants.isalespoland.com\/index.php\/wp-json\/wp\/v2\/types\/page"}],"author":[{"embeddable":true,"href":"https:\/\/restaurants.isalespoland.com\/index.php\/wp-json\/wp\/v2\/users\/1"}],"replies":[{"embeddable":true,"href":"https:\/\/restaurants.isalespoland.com\/index.php\/wp-json\/wp\/v2\/comments?post=46"}],"version-history":[{"count":15,"href":"https:\/\/restaurants.isalespoland.com\/index.php\/wp-json\/wp\/v2\/pages\/46\/revisions"}],"predecessor-version":[{"id":467,"href":"https:\/\/restaurants.isalespoland.com\/index.php\/wp-json\/wp\/v2\/pages\/46\/revisions\/467"}],"wp:attachment":[{"href":"https:\/\/restaurants.isalespoland.com\/index.php\/wp-json\/wp\/v2\/media?parent=46"}],"curies":[{"name":"wp","href":"https:\/\/api.w.org\/{rel}","templated":true}]}}