{"id":47,"date":"2018-05-14T10:18:20","date_gmt":"2018-05-14T10:18:20","guid":{"rendered":"https:\/\/restaurants.isalespoland.com\/index.php\/menu\/"},"modified":"2021-04-08T11:26:58","modified_gmt":"2021-04-08T11:26:58","slug":"menu","status":"publish","type":"page","link":"https:\/\/restaurants.isalespoland.com\/index.php\/menu\/","title":{"rendered":"Menu"},"content":{"rendered":"\n\n\t<h1>\n\t\t\t\tSocial Media \/ Fotografia\n\t\t\t<\/h1>\n\tAktywno\u015b\u0107 w Social Mediach (Facebook i Instagram) to aktualnie podstawowy i najbardziej skuteczny spos\u00f3b promocji restauracji.\nDzi\u0119ki aktywnemu prowadzeniu fanpage na Facebooku i opieraniu si\u0119 na wysokiej jako\u015bci tre\u015bciach mamy mo\u017cliwo\u015b\u0107 dotarcia do szerokiego grona klient\u00f3w. Zbudowanie bazy fan\u00f3w gwarantuje mo\u017cliwo\u015b\u0107 sta\u0142ego kontaktu z klientami, a systematyczne budowanie marki na wysokiej jako\u015bci postach, grafikach i zdj\u0119ciach pozwala na rozszerzanie zasi\u0119g\u00f3w i zwi\u0119kszenie ilo\u015bci potencjalnych klient\u00f3w.\nDodatkowo, w cen\u0119 naszych abonament\u00f3w wliczona jest profesjonalna sesja fotograficzna.\nWysokiej jako\u015bci zdj\u0119cia zdecydowanie wp\u0142ywaj\u0105 na pierwsze wra\u017cenie i przyci\u0105gaj\u0105 uwag\u0119 klient\u00f3w.\nW iSales Restaurant skupiamy si\u0119 na maksymalnej wydajno\u015bci dzia\u0142a\u0144 prowadzonych\u00a0w mediach spo\u0142eczno\u015bciowych, aby jak najlepiej wykorzysta\u0107 potencja\u0142 restauracji.\n\t\t\t<h2>Pakiet Min<\/h2>\n\t\t\t\t<p>Sesja Fotograficzna Zespo\u0142u i Da\u0144<\/p>\n<p>Profilowanie i dob\u00f3r potencjalnej grupy odbiorc\u00f3w<\/p>\n<p>Przedstawienie Case Study w zale\u017cno\u015bci od profilu restauracji<\/p>\n<p>Przygotowanie podstawowych grafik promocyjnych sp\u00f3jnych z profilem restauracji<\/p>\n<p>Prowadzenie Social Medi\u00f3w <\/p>\n<p>( Facebook i Instagram &#8211; 8 Post\u00f3w \/ Miesi\u0105c )<\/p>\n\t\t\t<a href=\"\" target=\"_self\" role=\"button\" rel=\"noopener\">\n\t\t\t\t\t\t\tZapytaj o cen\u0119\n\t\t\t\t\t<\/a>\n\t\t\t<h2>Pakiet Max<\/h2>\n\t\t\t\t<p>Sesja fotograficzna Restauracji, Zespo\u0142u i Da\u0144 (1x kwarta\u0142)<\/p>\n<p>Profilowanie i dob\u00f3r potencjalnej grupy odbiorc\u00f3w<\/p>\n<p>Przedstawienie Case Study w zale\u017cno\u015bci od profilu Restauracji<\/p>\n<p>Przygotowanie podstawowych grafik promocyjnych sp\u00f3jnych z profilem Restauracji<\/p>\n<p>Prowadzenie Social Medi\u00f3w<\/p>\n<p>(Facebook i Instagram &#8211; 12 Post\u00f3w \/ Miesi\u0105c)<\/p>\n<p>Wsparcie przy prowadzeniu sklepu na stronie internetowej (Przy systemie POS Bistro)<\/p>\n<p>Prowadzenie marketingu szeptanego na forach i grupach powi\u0105zanych z gastronomi\u0105<\/p>\n<p>Konsultacje ze specjalistami <\/p>\n<p>(Szef kuchni, Sommelier \/ Manager Restauracji)<\/p>\n\t\t\t<a href=\"\" target=\"_self\" role=\"button\" rel=\"noopener\">\n\t\t\t\t\t\t\tZapytaj o cen\u0119\n\t\t\t\t\t<\/a>\n\t\t\t<h3>Elastyczne Uslugi<\/h3><h2>Dostosowujemy nasz\u0105 ofert\u0119 indywidualnie Zapraszamy do kontaktu<\/h2>\t\t\t\n\t\t\t<a href=\"#\" target=\"_self\" role=\"button\" rel=\"noopener\">\n\t\t\t\t\t\t\tEmail\n\t\t<\/a>\n\n","protected":false},"excerpt":{"rendered":"<p>Social Media \/ Fotografia Aktywno\u015b\u0107 w Social Mediach (Facebook i Instagram) to aktualnie podstawowy i najbardziej skuteczny spos\u00f3b promocji restauracji. Dzi\u0119ki aktywnemu prowadzeniu fanpage na Facebooku i opieraniu si\u0119 na wysokiej jako\u015bci tre\u015bciach mamy mo\u017cliwo\u015b\u0107 dotarcia do szerokiego grona klient\u00f3w. Zbudowanie bazy fan\u00f3w gwarantuje mo\u017cliwo\u015b\u0107 sta\u0142ego kontaktu z klientami, a systematyczne budowanie marki na wysokiej &hellip;<\/p>\n<p class=\"read-more\"> <a class=\"\" href=\"https:\/\/restaurants.isalespoland.com\/index.php\/menu\/\"> <span class=\"screen-reader-text\">Menu<\/span> Read More &raquo;<\/a><\/p>\n","protected":false},"author":1,"featured_media":0,"parent":0,"menu_order":0,"comment_status":"closed","ping_status":"closed","template":"","meta":[],"_links":{"self":[{"href":"https:\/\/restaurants.isalespoland.com\/index.php\/wp-json\/wp\/v2\/pages\/47"}],"collection":[{"href":"https:\/\/restaurants.isalespoland.com\/index.php\/wp-json\/wp\/v2\/pages"}],"about":[{"href":"https:\/\/restaurants.isalespoland.com\/index.php\/wp-json\/wp\/v2\/types\/page"}],"author":[{"embeddable":true,"href":"https:\/\/restaurants.isalespoland.com\/index.php\/wp-json\/wp\/v2\/users\/1"}],"replies":[{"embeddable":true,"href":"https:\/\/restaurants.isalespoland.com\/index.php\/wp-json\/wp\/v2\/comments?post=47"}],"version-history":[{"count":25,"href":"https:\/\/restaurants.isalespoland.com\/index.php\/wp-json\/wp\/v2\/pages\/47\/revisions"}],"predecessor-version":[{"id":463,"href":"https:\/\/restaurants.isalespoland.com\/index.php\/wp-json\/wp\/v2\/pages\/47\/revisions\/463"}],"wp:attachment":[{"href":"https:\/\/restaurants.isalespoland.com\/index.php\/wp-json\/wp\/v2\/media?parent=47"}],"curies":[{"name":"wp","href":"https:\/\/api.w.org\/{rel}","templated":true}]}}