{"id":50,"date":"2018-05-14T10:21:56","date_gmt":"2018-05-14T10:21:56","guid":{"rendered":"https:\/\/restaurants.isalespoland.com\/index.php\/testimonials\/"},"modified":"2021-04-08T11:41:18","modified_gmt":"2021-04-08T11:41:18","slug":"szkolenia","status":"publish","type":"page","link":"https:\/\/restaurants.isalespoland.com\/index.php\/szkolenia\/","title":{"rendered":"Szkolenia"},"content":{"rendered":"\n\n\t<h1>\n\t\t\t\tSzkolenia\n\t\t\t<\/h1>\n\t\t\t\t<img src=\"https:\/\/restaurants.isalespoland.com\/wp-content\/uploads\/bb-plugin\/cache\/chef-gecf68ad7d_1280-1024x682-circle.jpg\" alt=\"chef-gecf68ad7d_1280\" title=\"chef-gecf68ad7d_1280\" itemprop=\"image\"  \/>\n\t\t\t<h3>Kuchnia<\/h3>\n\t\t\t\t<p>Kuchnia to serce Restauracji, dlatego tak wa\u017cny jest sprawny i efektywny system pracy.<\/p>\n<p>Nasze szkolenia pracownik\u00f3w kuchni s\u0105 kompleksowe i obejmuj\u0105 zar\u00f3wno proces produkcji da\u0144 jak i organizacji pracy.<\/p>\n<p>Podczas szkolenia pracownicy dowiedz\u0105 si\u0119 mi\u0119dzy innymi, w jaki spos\u00f3b optymalizowa\u0107 przestrzenie magazynowe oraz wprowadza\u0107 atrakcyjn\u0105 i interesuj\u0105c\u0105 dla klient\u00f3w ofert\u0119 specja\u0142\u00f3w.<\/p>\n<p>Kucharze naucz\u0105 si\u0119 jak przygotowywa\u0107 swoje sekcje pod k\u0105tem Mise an Place, tworzy\u0107 tzw. Prep Listy i zorganizowa\u0107 prace porz\u0105dkowe. Nasz specjalista, Szef Kuchni Marcin Leszczy\u0144ski podzieli si\u0119 r\u00f3wnie\u017c do\u015bwiadczeniem w zakresie Food Platingu, optymalizacj\u0105 zam\u00f3wie\u0144 produkt\u00f3w i redukcj\u0105 koszt\u00f3w pracy.<\/p>\n<p>Dodatkowo, mamy w naszej ofercie propozycje dla nowych restaurator\u00f3w. Zapewniamy doradztwo w zakresie projektu architektonicznego kuchni. Pomagamy tak\u017ce w pozyskaniu sprz\u0119tu, przygotowaniu restauracji do odbioru przez Sanepid oraz rekrutacji pracownik\u00f3w i Szefa Kuchni.<\/p>\n\t\t\t<a href=\"https:\/\/restaurants.isalespoland.com\/wp-content\/uploads\/2021\/04\/Pakiety-Szkolenie-Kuchnia.pdf\" target=\"_self\" role=\"button\" rel=\"noopener\">\n\t\t\t\t\t\t\tPe\u0142na Oferta Szkoleniowa\n\t\t\t\t\t<\/a>\n\t\t\t<a href=\"\" target=\"_self\" role=\"button\" rel=\"noopener\">\n\t\t\t\t\t\t\tZapytaj o cen\u0119\n\t\t\t\t\t<\/a>\n\t\t\t\t<img src=\"https:\/\/restaurants.isalespoland.com\/wp-content\/uploads\/bb-plugin\/cache\/wine-gefce649fc_1280-circle.jpg\" alt=\"wine-gefce649fc_1280\" title=\"wine-gefce649fc_1280\" itemprop=\"image\"  \/>\n\t\t\t<h3>Sommelier \/ Alkohole<\/h3>\n\t\t\t\t<p>Wiedza o winie i alkoholach oraz dob\u00f3r odpowiednich kart do menu gwarantuje zwi\u0119kszenie presti\u017cu Restauracji.<\/p>\n\t\t\t<a href=\"https:\/\/restaurants.isalespoland.com\/wp-content\/uploads\/2021\/04\/Pakiet-Sommelier.pdf\" target=\"_self\" role=\"button\" rel=\"noopener\">\n\t\t\t\t\t\t\tPe\u0142na Oferta Szkoleniowa\n\t\t\t\t\t<\/a>\n\t\t\t<a href=\"\" target=\"_self\" role=\"button\" rel=\"noopener\">\n\t\t\t\t\t\t\tZapytaj o cen\u0119\n\t\t\t\t\t<\/a>\n\t\t\t\t<img src=\"https:\/\/restaurants.isalespoland.com\/wp-content\/uploads\/bb-plugin\/cache\/drink-ge3774487b_1280-circle.jpg\" alt=\"drink-ge3774487b_1280\" title=\"drink-ge3774487b_1280\" itemprop=\"image\"  \/>\n\t\t\t<h3>Obsluga klienta \/ Szkolenie Sprzedazowe<\/h3>\n\t\t\t\t<p>Kelner to przedstawiciel restauracji odpowiadaj\u0105cy za pierwsze wra\u017cenie ka\u017cdego klienta. W naszych szkoleniach opr\u00f3cz etykiety Kelnerskiej zawarli\u015bmy tak\u017ce wiedz\u0119 sprzeda\u017cow\u0105 pozwalaj\u0105c\u0105 na maksymalizacj\u0119 profit\u00f3w restauracji.<\/p>\n<p>Podczas szkolenia pracownicy dowiedz\u0105 si\u0119 mi\u0119dzy innymi, w jaki spos\u00f3b podnosi\u0107 warto\u015b\u0107 sprzeda\u017cy poprzez:<\/p>\n<p>Up-Selling (sprzeda\u017c dodatkowa)<\/p>\n<p>Cross-Selling (sprzeda\u017c krzy\u017cowa produkt\u00f3w komplementarnych)<\/p>\n<p>Storytelling (opowiadanie\u00a0 o daniach)\u00a0<\/p>\n<p>Food Pairing (\u0142\u0105czenie da\u0144 z alkoholami)<\/p>\n<p>Nasi specjali\u015bci z wieloletnim do\u015bwiadczeniem sprzeda\u017cowym i gastronomicznym przeka\u017c\u0105 wiedz\u0119 i sposoby na temat optymalizacji pracy, rozwi\u0105zywania konflikt\u00f3w i trudnych sytuacji oraz praktycznego wykorzystywania informacji pozyskanych od klient\u00f3w. Pe\u0142na i kompleksowa oferta szkolenia znacznie wp\u0142ynie na wydajno\u015b\u0107 pracy oraz wyniki sprzeda\u017cowe.<\/p>\n\t\t\t<a href=\"https:\/\/restaurants.isalespoland.com\/wp-content\/uploads\/2021\/04\/Pakiet-Service.pdf\" target=\"_self\" role=\"button\" rel=\"noopener\">\n\t\t\t\t\t\t\tPe\u0142na Oferta Szkoleniowa\n\t\t\t\t\t<\/a>\n\t\t\t<a href=\"\" target=\"_self\" role=\"button\" rel=\"noopener\">\n\t\t\t\t\t\t\tZapytaj o cen\u0119\n\t\t\t\t\t<\/a>\n\n","protected":false},"excerpt":{"rendered":"<p>Szkolenia Kuchnia Kuchnia to serce Restauracji, dlatego tak wa\u017cny jest sprawny i efektywny system pracy. Nasze szkolenia pracownik\u00f3w kuchni s\u0105 kompleksowe i obejmuj\u0105 zar\u00f3wno proces produkcji da\u0144 jak i organizacji pracy. Podczas szkolenia pracownicy dowiedz\u0105 si\u0119 mi\u0119dzy innymi, w jaki spos\u00f3b optymalizowa\u0107 przestrzenie magazynowe oraz wprowadza\u0107 atrakcyjn\u0105 i interesuj\u0105c\u0105 dla klient\u00f3w ofert\u0119 specja\u0142\u00f3w. Kucharze naucz\u0105 &hellip;<\/p>\n<p class=\"read-more\"> <a class=\"\" href=\"https:\/\/restaurants.isalespoland.com\/index.php\/szkolenia\/\"> <span class=\"screen-reader-text\">Szkolenia<\/span> Read More &raquo;<\/a><\/p>\n","protected":false},"author":1,"featured_media":0,"parent":0,"menu_order":0,"comment_status":"closed","ping_status":"closed","template":"","meta":[],"_links":{"self":[{"href":"https:\/\/restaurants.isalespoland.com\/index.php\/wp-json\/wp\/v2\/pages\/50"}],"collection":[{"href":"https:\/\/restaurants.isalespoland.com\/index.php\/wp-json\/wp\/v2\/pages"}],"about":[{"href":"https:\/\/restaurants.isalespoland.com\/index.php\/wp-json\/wp\/v2\/types\/page"}],"author":[{"embeddable":true,"href":"https:\/\/restaurants.isalespoland.com\/index.php\/wp-json\/wp\/v2\/users\/1"}],"replies":[{"embeddable":true,"href":"https:\/\/restaurants.isalespoland.com\/index.php\/wp-json\/wp\/v2\/comments?post=50"}],"version-history":[{"count":29,"href":"https:\/\/restaurants.isalespoland.com\/index.php\/wp-json\/wp\/v2\/pages\/50\/revisions"}],"predecessor-version":[{"id":476,"href":"https:\/\/restaurants.isalespoland.com\/index.php\/wp-json\/wp\/v2\/pages\/50\/revisions\/476"}],"wp:attachment":[{"href":"https:\/\/restaurants.isalespoland.com\/index.php\/wp-json\/wp\/v2\/media?parent=50"}],"curies":[{"name":"wp","href":"https:\/\/api.w.org\/{rel}","templated":true}]}}