{"id":51,"date":"2018-05-14T10:22:47","date_gmt":"2018-05-14T10:22:47","guid":{"rendered":"https:\/\/restaurants.isalespoland.com\/index.php\/contact\/"},"modified":"2021-04-07T13:26:57","modified_gmt":"2021-04-07T13:26:57","slug":"contact","status":"publish","type":"page","link":"https:\/\/restaurants.isalespoland.com\/index.php\/contact\/","title":{"rendered":"Contact"},"content":{"rendered":"\n\n\t<h1>\n\t\t\t\tKontakt z nami\n\t\t\t<\/h1>\n\t\t\t<h2>Nasze Biuro<\/h2>\n\t\t\t\t<p>Sp\u00f3\u0142ka iSales powsta\u0142a w odpowiedzi na potrzeby wymagaj\u0105cych klient\u00f3w, kt\u00f3rymi sami kiedy\u015b byli\u015bmy. Nasze dotychczasowe do\u015bwiadczenia upewni\u0142y nas w tym, \u017ce na polskim rynku brakuje firmy, dla kt\u00f3rej \u015bwietne relacje i kontakt po sprzeda\u017cy s\u0105 r\u00f3wnie istotne jak sama transakcja.<\/p>\n<p>Biuro opr\u00f3cz obs\u0142ugi klient\u00f3w gastronomicznych zajmuje si\u0119 Nieruchomo\u015bciami, Fotografi\u0105 i rozwi\u0105zaniami SMART (m.in. Prowadzenie Social Medi\u00f3w). Wi\u0119cej informacji o sp\u00f3\u0142ce na naszej g\u0142\u00f3wnej stronie internetowej: http:\/\/www.isalespoland.com<\/p>\n\t\t\t<h3>Kontakt<\/h3>\n\t\t\t<h5>Adres<\/h5>\t\t\t\n\t\t\t\t<p>Aleja Genera\u0142a J\u00f3zefa Hallera 140\/123<br \/>Gda\u0144sk, 80-416<\/p>\n<p>NIP: 5842790749<br \/>KRS: 0000825648<\/p>\n\t\t\t<h5>You Can Reach Us At<\/h5>\t\t\t\n\t\t\t\t<p>+48 735 753 003<\/p>\n\t\t\t<h5>Email<\/h5>\t\t\t\n\t\t\t\t<p>restaurants@isalespoland.com<\/p>\n\n","protected":false},"excerpt":{"rendered":"<p>Kontakt z nami Nasze Biuro Sp\u00f3\u0142ka iSales powsta\u0142a w odpowiedzi na potrzeby wymagaj\u0105cych klient\u00f3w, kt\u00f3rymi sami kiedy\u015b byli\u015bmy. Nasze dotychczasowe do\u015bwiadczenia upewni\u0142y nas w tym, \u017ce na polskim rynku brakuje firmy, dla kt\u00f3rej \u015bwietne relacje i kontakt po sprzeda\u017cy s\u0105 r\u00f3wnie istotne jak sama transakcja. Biuro opr\u00f3cz obs\u0142ugi klient\u00f3w gastronomicznych zajmuje si\u0119 Nieruchomo\u015bciami, Fotografi\u0105 i &hellip;<\/p>\n<p class=\"read-more\"> <a class=\"\" href=\"https:\/\/restaurants.isalespoland.com\/index.php\/contact\/\"> <span class=\"screen-reader-text\">Contact<\/span> Read More &raquo;<\/a><\/p>\n","protected":false},"author":1,"featured_media":0,"parent":0,"menu_order":0,"comment_status":"closed","ping_status":"closed","template":"","meta":[],"_links":{"self":[{"href":"https:\/\/restaurants.isalespoland.com\/index.php\/wp-json\/wp\/v2\/pages\/51"}],"collection":[{"href":"https:\/\/restaurants.isalespoland.com\/index.php\/wp-json\/wp\/v2\/pages"}],"about":[{"href":"https:\/\/restaurants.isalespoland.com\/index.php\/wp-json\/wp\/v2\/types\/page"}],"author":[{"embeddable":true,"href":"https:\/\/restaurants.isalespoland.com\/index.php\/wp-json\/wp\/v2\/users\/1"}],"replies":[{"embeddable":true,"href":"https:\/\/restaurants.isalespoland.com\/index.php\/wp-json\/wp\/v2\/comments?post=51"}],"version-history":[{"count":5,"href":"https:\/\/restaurants.isalespoland.com\/index.php\/wp-json\/wp\/v2\/pages\/51\/revisions"}],"predecessor-version":[{"id":464,"href":"https:\/\/restaurants.isalespoland.com\/index.php\/wp-json\/wp\/v2\/pages\/51\/revisions\/464"}],"wp:attachment":[{"href":"https:\/\/restaurants.isalespoland.com\/index.php\/wp-json\/wp\/v2\/media?parent=51"}],"curies":[{"name":"wp","href":"https:\/\/api.w.org\/{rel}","templated":true}]}}